{"id":419,"date":"2020-07-01T11:42:23","date_gmt":"2020-07-01T09:42:23","guid":{"rendered":"https:\/\/www.jh-hotel.it\/restaurant-bar\/"},"modified":"2025-03-22T14:31:46","modified_gmt":"2025-03-22T13:31:46","slug":"ristorante","status":"publish","type":"page","link":"https:\/\/www.jh-hotel.it\/it\/ristorante\/","title":{"rendered":"Ristorante &#038; Bar"},"content":{"rendered":"\n<h1 class=\"wp-block-heading\">Happy Food, Happy Drinks.<\/h1>\n\n\n\n<h2 class=\"wp-block-heading\">Il ristorante e bar JH<\/h2>\n\n\n\n<p>L\u2019<strong>aria fresca di montagna<\/strong> ti ha stimolato l\u2019<strong>appetito<\/strong>? Al ristorante JH ti coccoliamo con <strong>piatti deliziosi<\/strong>, serviti a mezzogiorno e alla sera. E per una pausa rigenerante, il nostro accogliente <strong>bar<\/strong> ti aspetta con <strong>drink rinfrescanti<\/strong> e <strong>ottimi aperitivi<\/strong>, perfetti dopo un&#8217;escursione o una sciata, o prima di concludere la serata.<\/p>\n","protected":false},"excerpt":{"rendered":"<p>Happy Food, Happy Drinks. Il ristorante e bar JH L\u2019aria fresca di montagna ti ha stimolato l\u2019appetito? Al ristorante JH ti coccoliamo con piatti deliziosi, serviti<span class=\"excerpt-hellip\"> [\u2026]<\/span><\/p>\n","protected":false},"author":1,"featured_media":0,"parent":0,"menu_order":0,"comment_status":"closed","ping_status":"open","template":"","meta":{"footnotes":""},"class_list":["post-419","page","type-page","status-publish","hentry"],"yoast_head":"<!-- This site is optimized with the Yoast SEO plugin v27.4 - https:\/\/yoast.com\/product\/yoast-seo-wordpress\/ -->\n<title>Il nostro ristorante a Colfosco &gt; JH J\u00e4gerhof<\/title>\n<meta name=\"description\" content=\"Il ristorante JH J\u00e4gerhof a Colfosco ti sedurr\u00e0 il palato con specialit\u00e0 della cucina sudtirolese e internazionale. Piatti caldi tutto il giorno!\" \/>\n<meta name=\"robots\" content=\"index, follow, max-snippet:-1, max-image-preview:large, max-video-preview:-1\" \/>\n<link rel=\"canonical\" href=\"https:\/\/www.jh-hotel.it\/it\/ristorante\/\" \/>\n<meta property=\"og:locale\" content=\"it_IT\" \/>\n<meta property=\"og:type\" content=\"article\" \/>\n<meta property=\"og:title\" content=\"Il nostro ristorante a Colfosco &gt; JH J\u00e4gerhof\" \/>\n<meta property=\"og:description\" content=\"Il ristorante JH J\u00e4gerhof a Colfosco ti sedurr\u00e0 il palato con specialit\u00e0 della cucina sudtirolese e internazionale. Piatti caldi tutto il giorno!\" \/>\n<meta property=\"og:url\" content=\"https:\/\/www.jh-hotel.it\/it\/ristorante\/\" \/>\n<meta property=\"og:site_name\" content=\"Hotel J\u00e4gerhof\" \/>\n<meta property=\"article:modified_time\" content=\"2025-03-22T13:31:46+00:00\" \/>\n<meta name=\"twitter:card\" content=\"summary_large_image\" \/>\n<meta name=\"twitter:label1\" content=\"Tempo di lettura stimato\" \/>\n\t<meta name=\"twitter:data1\" content=\"1 minuto\" \/>\n<script type=\"application\/ld+json\" class=\"yoast-schema-graph\">{\"@context\":\"https:\\\/\\\/schema.org\",\"@graph\":[{\"@type\":\"WebPage\",\"@id\":\"https:\\\/\\\/www.jh-hotel.it\\\/it\\\/ristorante\\\/\",\"url\":\"https:\\\/\\\/www.jh-hotel.it\\\/it\\\/ristorante\\\/\",\"name\":\"Il nostro ristorante a Colfosco > JH J\u00e4gerhof\",\"isPartOf\":{\"@id\":\"https:\\\/\\\/www.jh-hotel.it\\\/it\\\/#website\"},\"datePublished\":\"2020-07-01T09:42:23+00:00\",\"dateModified\":\"2025-03-22T13:31:46+00:00\",\"description\":\"Il ristorante JH J\u00e4gerhof a Colfosco ti sedurr\u00e0 il palato con specialit\u00e0 della cucina sudtirolese e internazionale. Piatti caldi tutto il giorno!\",\"breadcrumb\":{\"@id\":\"https:\\\/\\\/www.jh-hotel.it\\\/it\\\/ristorante\\\/#breadcrumb\"},\"inLanguage\":\"it-IT\",\"potentialAction\":[{\"@type\":\"ReadAction\",\"target\":[\"https:\\\/\\\/www.jh-hotel.it\\\/it\\\/ristorante\\\/\"]}]},{\"@type\":\"BreadcrumbList\",\"@id\":\"https:\\\/\\\/www.jh-hotel.it\\\/it\\\/ristorante\\\/#breadcrumb\",\"itemListElement\":[{\"@type\":\"ListItem\",\"position\":1,\"name\":\"Startseite\",\"item\":\"https:\\\/\\\/www.jh-hotel.it\\\/it\\\/\"},{\"@type\":\"ListItem\",\"position\":2,\"name\":\"Ristorante &#038; Bar\"}]},{\"@type\":\"WebSite\",\"@id\":\"https:\\\/\\\/www.jh-hotel.it\\\/it\\\/#website\",\"url\":\"https:\\\/\\\/www.jh-hotel.it\\\/it\\\/\",\"name\":\"Hotel J\u00e4gerhof\",\"description\":\"Willkommen im Hotel J\u00e4gerhof\",\"potentialAction\":[{\"@type\":\"SearchAction\",\"target\":{\"@type\":\"EntryPoint\",\"urlTemplate\":\"https:\\\/\\\/www.jh-hotel.it\\\/it\\\/?s={search_term_string}\"},\"query-input\":{\"@type\":\"PropertyValueSpecification\",\"valueRequired\":true,\"valueName\":\"search_term_string\"}}],\"inLanguage\":\"it-IT\"}]}<\/script>\n<!-- \/ Yoast SEO plugin. -->","yoast_head_json":{"title":"Il nostro ristorante a Colfosco > JH J\u00e4gerhof","description":"Il ristorante JH J\u00e4gerhof a Colfosco ti sedurr\u00e0 il palato con specialit\u00e0 della cucina sudtirolese e internazionale. Piatti caldi tutto il giorno!","robots":{"index":"index","follow":"follow","max-snippet":"max-snippet:-1","max-image-preview":"max-image-preview:large","max-video-preview":"max-video-preview:-1"},"canonical":"https:\/\/www.jh-hotel.it\/it\/ristorante\/","og_locale":"it_IT","og_type":"article","og_title":"Il nostro ristorante a Colfosco > JH J\u00e4gerhof","og_description":"Il ristorante JH J\u00e4gerhof a Colfosco ti sedurr\u00e0 il palato con specialit\u00e0 della cucina sudtirolese e internazionale. Piatti caldi tutto il giorno!","og_url":"https:\/\/www.jh-hotel.it\/it\/ristorante\/","og_site_name":"Hotel J\u00e4gerhof","article_modified_time":"2025-03-22T13:31:46+00:00","twitter_card":"summary_large_image","twitter_misc":{"Tempo di lettura stimato":"1 minuto"},"schema":{"@context":"https:\/\/schema.org","@graph":[{"@type":"WebPage","@id":"https:\/\/www.jh-hotel.it\/it\/ristorante\/","url":"https:\/\/www.jh-hotel.it\/it\/ristorante\/","name":"Il nostro ristorante a Colfosco > JH J\u00e4gerhof","isPartOf":{"@id":"https:\/\/www.jh-hotel.it\/it\/#website"},"datePublished":"2020-07-01T09:42:23+00:00","dateModified":"2025-03-22T13:31:46+00:00","description":"Il ristorante JH J\u00e4gerhof a Colfosco ti sedurr\u00e0 il palato con specialit\u00e0 della cucina sudtirolese e internazionale. Piatti caldi tutto il giorno!","breadcrumb":{"@id":"https:\/\/www.jh-hotel.it\/it\/ristorante\/#breadcrumb"},"inLanguage":"it-IT","potentialAction":[{"@type":"ReadAction","target":["https:\/\/www.jh-hotel.it\/it\/ristorante\/"]}]},{"@type":"BreadcrumbList","@id":"https:\/\/www.jh-hotel.it\/it\/ristorante\/#breadcrumb","itemListElement":[{"@type":"ListItem","position":1,"name":"Startseite","item":"https:\/\/www.jh-hotel.it\/it\/"},{"@type":"ListItem","position":2,"name":"Ristorante &#038; Bar"}]},{"@type":"WebSite","@id":"https:\/\/www.jh-hotel.it\/it\/#website","url":"https:\/\/www.jh-hotel.it\/it\/","name":"Hotel J\u00e4gerhof","description":"Willkommen im Hotel J\u00e4gerhof","potentialAction":[{"@type":"SearchAction","target":{"@type":"EntryPoint","urlTemplate":"https:\/\/www.jh-hotel.it\/it\/?s={search_term_string}"},"query-input":{"@type":"PropertyValueSpecification","valueRequired":true,"valueName":"search_term_string"}}],"inLanguage":"it-IT"}]}},"publishpress_future_action":{"enabled":false,"date":"2026-06-02 17:01:40","action":"change-status","newStatus":"draft","terms":[],"taxonomy":"translation_priority","extraData":[]},"publishpress_future_workflow_manual_trigger":{"enabledWorkflows":[]},"_links":{"self":[{"href":"https:\/\/www.jh-hotel.it\/it\/wp-json\/wp\/v2\/pages\/419","targetHints":{"allow":["GET"]}}],"collection":[{"href":"https:\/\/www.jh-hotel.it\/it\/wp-json\/wp\/v2\/pages"}],"about":[{"href":"https:\/\/www.jh-hotel.it\/it\/wp-json\/wp\/v2\/types\/page"}],"author":[{"embeddable":true,"href":"https:\/\/www.jh-hotel.it\/it\/wp-json\/wp\/v2\/users\/1"}],"replies":[{"embeddable":true,"href":"https:\/\/www.jh-hotel.it\/it\/wp-json\/wp\/v2\/comments?post=419"}],"version-history":[{"count":0,"href":"https:\/\/www.jh-hotel.it\/it\/wp-json\/wp\/v2\/pages\/419\/revisions"}],"wp:attachment":[{"href":"https:\/\/www.jh-hotel.it\/it\/wp-json\/wp\/v2\/media?parent=419"}],"curies":[{"name":"wp","href":"https:\/\/api.w.org\/{rel}","templated":true}]}}